{"id":7,"date":"2017-05-11T09:58:36","date_gmt":"2017-05-11T07:58:36","guid":{"rendered":"https:\/\/www.apexhub.dk\/?page_id=7"},"modified":"2018-02-09T17:02:08","modified_gmt":"2018-02-09T16:02:08","slug":"hjem","status":"publish","type":"page","link":"https:\/\/www.apexhub.dk\/","title":{"rendered":"Hjem"},"content":{"rendered":"<p>Velkommen til Apexhub. For at joine os p\u00e5 Minecraft skal du g\u00e5 ind p\u00e5 denne adresse:<\/p>\n<h2><b>play.apexhub.dk:25560<\/b><\/h2>\n<p>Vi ses p\u00e5 serveren <\/p>\n","protected":false},"excerpt":{"rendered":"<p>Velkommen til Apexhub. For at joine os p\u00e5 Minecraft skal du g\u00e5 ind p\u00e5 denne adresse: play.apexhub.dk:25560 Vi ses p\u00e5 serveren<\/p>\n","protected":false},"author":1,"featured_media":0,"parent":0,"menu_order":0,"comment_status":"closed","ping_status":"closed","template":"","meta":[],"_links":{"self":[{"href":"https:\/\/www.apexhub.dk\/index.php?rest_route=\/wp\/v2\/pages\/7"}],"collection":[{"href":"https:\/\/www.apexhub.dk\/index.php?rest_route=\/wp\/v2\/pages"}],"about":[{"href":"https:\/\/www.apexhub.dk\/index.php?rest_route=\/wp\/v2\/types\/page"}],"author":[{"embeddable":true,"href":"https:\/\/www.apexhub.dk\/index.php?rest_route=\/wp\/v2\/users\/1"}],"replies":[{"embeddable":true,"href":"https:\/\/www.apexhub.dk\/index.php?rest_route=%2Fwp%2Fv2%2Fcomments&post=7"}],"version-history":[{"count":4,"href":"https:\/\/www.apexhub.dk\/index.php?rest_route=\/wp\/v2\/pages\/7\/revisions"}],"predecessor-version":[{"id":94,"href":"https:\/\/www.apexhub.dk\/index.php?rest_route=\/wp\/v2\/pages\/7\/revisions\/94"}],"wp:attachment":[{"href":"https:\/\/www.apexhub.dk\/index.php?rest_route=%2Fwp%2Fv2%2Fmedia&parent=7"}],"curies":[{"name":"wp","href":"https:\/\/api.w.org\/{rel}","templated":true}]}}